{"id":2066,"date":"2026-01-15T01:06:47","date_gmt":"2026-01-15T01:06:47","guid":{"rendered":"https:\/\/bingobox.jp\/jirolito\/?page_id=2066"},"modified":"2026-02-06T05:23:51","modified_gmt":"2026-02-06T05:23:51","slug":"profile","status":"publish","type":"page","link":"https:\/\/bingobox.jp\/jirolito\/profile\/","title":{"rendered":"Profil \u30b9\u30da\u30a4\u30f3\u8a9e"},"content":{"rendered":"\n<p>Naci\u00f3 en Osaka (Jap\u00f3n) en 1951. Empez\u00f3 a aprender guitarra de forma autodidacta.En 1977 visit\u00f3 Espa\u00f1a para perfeccionar sus conocimientos y t\u00e9cnicas. Tom\u00f3 lecciones con el maestro Manuel Cano. En el a\u00f1o siguiente di\u00f3 su primer recital en Espa\u00f1a. Tras su regreso a Jap\u00f3n, comenz\u00f3 a dar gira de conciertos en todo el pa\u00eds, en\u00e9rgicamente, con m\u00e1s de cincuenta recitales y conciertos por a\u00f1o.En 1986 public\u00f3 un concierto de guitarra flamenca con orquesta, \u00fanico de este pa\u00eds, y \u00e9l mismo lo realiz\u00f3 con la Orquesta sinf\u00f3nica de Osaka.Grab\u00f3 su primer compact disc titulado \u201cMeiro (Laberinto)\u201d formado con todas las piezas de composiciones propias en 1988. Sucesivamente, en 1993<br>\u201cYume no mado (Ventana de sue\u00f1o)\u201d, en 1995, \u201cTsuki no Miyako (La Capital de la luna), en 1998 \u201cYuki onna (La Mujer-Nieve) \u201d, en 1998 \u201cMenou misaki (Cabo de \u00c1gata)\u201d, en 2000 \u201cHoshi no monogatari:Orion no densetsu (Historia de las estrellas:Una leyenda de Ori\u00f3n), en 2003 \u201cSupein no miwaku (Los encantos espa\u00f1oles) \u201d, en 2006 \u201cChieko-shou\u201d (De los poemas \u201cLa vida y muerte de Chieko\u201d), \u201cTobira wo akereba\u201d (Al abrir la puerta) , \u201cIndalo\u201d en 2011 y \u201cGranada preciosa\u201d en 2015.En 1998 fue presentado como uno de los mejores concertistas de guitarra flamenca, en una enciclopedia del Arte Flamenco (Historia del Flamenco:ediciones tartessos) y, tambi\u00e9n, se le condecor\u00f3 por sus m\u00e9ritos culturales por el Ayuntamiento de Kawanishi.<\/p>\n","protected":false},"excerpt":{"rendered":"<p>Naci\u00f3 en Osaka (Jap\u00f3n) en 1951. Empez\u00f3 a &hellip; <a href=\"https:\/\/bingobox.jp\/jirolito\/profile\/\">\u7d9a\u304d\u3092\u8aad\u3080 <span class=\"meta-nav\">&rarr;<\/span><\/a><\/p>\n","protected":false},"author":1,"featured_media":0,"parent":0,"menu_order":0,"comment_status":"closed","ping_status":"closed","template":"","meta":{"footnotes":""},"class_list":["post-2066","page","type-page","status-publish","hentry"],"aioseo_notices":[],"_links":{"self":[{"href":"https:\/\/bingobox.jp\/jirolito\/wp-json\/wp\/v2\/pages\/2066","targetHints":{"allow":["GET"]}}],"collection":[{"href":"https:\/\/bingobox.jp\/jirolito\/wp-json\/wp\/v2\/pages"}],"about":[{"href":"https:\/\/bingobox.jp\/jirolito\/wp-json\/wp\/v2\/types\/page"}],"author":[{"embeddable":true,"href":"https:\/\/bingobox.jp\/jirolito\/wp-json\/wp\/v2\/users\/1"}],"replies":[{"embeddable":true,"href":"https:\/\/bingobox.jp\/jirolito\/wp-json\/wp\/v2\/comments?post=2066"}],"version-history":[{"count":8,"href":"https:\/\/bingobox.jp\/jirolito\/wp-json\/wp\/v2\/pages\/2066\/revisions"}],"predecessor-version":[{"id":3836,"href":"https:\/\/bingobox.jp\/jirolito\/wp-json\/wp\/v2\/pages\/2066\/revisions\/3836"}],"wp:attachment":[{"href":"https:\/\/bingobox.jp\/jirolito\/wp-json\/wp\/v2\/media?parent=2066"}],"curies":[{"name":"wp","href":"https:\/\/api.w.org\/{rel}","templated":true}]}}